{"id":4792,"date":"2015-11-23T09:46:47","date_gmt":"2015-11-23T08:46:47","guid":{"rendered":"https:\/\/djuronasetold.kinsta.cloud\/\/en\/summer-vacation\/minisemester\/"},"modified":"2022-05-09T09:25:47","modified_gmt":"2022-05-09T07:25:47","slug":"weekend","status":"publish","type":"page","link":"https:\/\/djuronasetold.kinsta.cloud\/en\/weekend\/","title":{"rendered":"Weekend"},"content":{"rendered":"<h2>Recharge with a relaxing weekend<\/h2>\n<p><span class=\"ingress\">Bring family and friends for an unforgettable weekend at Djur\u00f6n\u00e4set! Our beautiful resort, perfectly located right in the heart of the Stockholm archipelago. Enjoy our wonderful outdoor hot spring overlooking the sea, the large indoor swimming pool, our selection of saunas and the large variety of Spa treatments. As our guest, you are always close to the sea and the stunning nature of the archipelago. Choose between our two relaxing packages \u2013 &#8220;Archipelago Weekend&#8221; or &#8220;Spa weekend&#8221;.<br \/>\n<\/span><\/p>\n<p>Let us suggest a swim in our 25 metre pool, a relaxing break in our hotspring under the open sky, or why not pamper yourself with a treatment in our Spa (remember to book the hottub or Spa treatment well in advance). Go for a power walk or relax by the jetty. There are many possibilities for feeling good in this unique archipelago nature.<\/p>\n<p>Enjoy an evening dinner at the restaurant with views of the sea and the archipealgo. We have a great selection of fine wines to compliment your meal.<\/p>\n<p>The hotel is located on Djur\u00f6, an island with road connections all the way to Stockholm, situated in V\u00e4rmd\u00f6 Municipality known for its beautiful archipelago environment, historical surroundings and proximity to a rich boat life. Djur\u00f6 has from ancient time up to the present day been a port in the Baltic sea and which is still a well trafficed shipping route.<\/p>\n<p>At Djur\u00f6n\u00e4set you will find tranquility and calm even though it is only a 43 minutes car drive away from Stockholm city.<\/p>\n<p><!--nextpage--><\/p>\n<p><strong>Our weekend packages include<\/strong><\/p>\n<ul>\n<li>Dinner<\/li>\n<li>Accommodation<\/li>\n<li>Breakfast buffet<\/li>\n<li>Access to our spa<\/li>\n<\/ul>\n<h2>Archipelago Weekend<\/h2>\n<p>Bask in the closeness to the sea and nature in our Archipealago weekend. We offer different themed evening menus selected and prepared by our chefs throughout the season (except the summer period).<\/p>\n<p>Please contact us for more information on dates and our themed menus<\/p>\n<h2>Spa Weekend<\/h2>\n<p>Spoil yourself with a relaxing massage or peeling, or treat your skin to a facial. We have selected some treatments we recommend, many which two persons can enjoy at the same time. The Spa weekend offers a selection of a 20 minute spa treatment. Appointments needs to be booked at least a week in advance. Age restriction from 16 years.<\/p>\n<p>&nbsp;<\/p>\n","protected":false},"excerpt":{"rendered":"<p>Recharge with a relaxing weekend Bring family and friends for an unforgettable weekend at Djur\u00f6n\u00e4set! Our beautiful resort, perfectly located right in the heart of the Stockholm archipelago. Enjoy our wonderful outdoor hot spring overlooking the sea, the large indoor swimming pool, our selection of saunas and the large variety of Spa treatments. As our &hellip; <a href=\"https:\/\/djuronasetold.kinsta.cloud\/en\/weekend\/\">Continued<\/a><\/p>\n","protected":false},"author":2,"featured_media":3088,"parent":0,"menu_order":406,"comment_status":"closed","ping_status":"closed","template":"","meta":{"inline_featured_image":false,"footnotes":"","_links_to":"","_links_to_target":""},"categories":[],"tags":[],"class_list":["post-4792","page","type-page","status-publish","has-post-thumbnail","hentry"],"acf":[],"yoast_head":"<!-- This site is optimized with the Yoast SEO plugin v20.4 - https:\/\/yoast.com\/wordpress\/plugins\/seo\/ -->\n<title>Weekend \u2014 Djur\u00f6n\u00e4set<\/title>\n<meta name=\"description\" content=\"Recharge with a relaxing weekend Bring family and friends for an unforgettable weekend at Djur\u00f6n\u00e4set! Our beautiful resort, perfectly located right in the\" \/>\n<meta name=\"robots\" content=\"index, follow, max-snippet:-1, max-image-preview:large, max-video-preview:-1\" \/>\n<link rel=\"canonical\" href=\"https:\/\/djuronasets.wpenginepowered.com\/en\/weekend\/\" \/>\n<link rel=\"next\" href=\"https:\/\/djuronasets.wpenginepowered.com\/en\/weekend\/2\/\" \/>\n<meta property=\"og:locale\" content=\"en_US\" \/>\n<meta property=\"og:type\" content=\"article\" \/>\n<meta property=\"og:title\" content=\"Weekend \u2014 Djur\u00f6n\u00e4set\" \/>\n<meta property=\"og:description\" content=\"Recharge with a relaxing weekend Bring family and friends for an unforgettable weekend at Djur\u00f6n\u00e4set! Our beautiful resort, perfectly located right in the\" \/>\n<meta property=\"og:url\" content=\"https:\/\/djuronasets.wpenginepowered.com\/en\/weekend\/\" \/>\n<meta property=\"og:site_name\" content=\"Djur\u00f6n\u00e4set\" \/>\n<meta property=\"article:publisher\" content=\"https:\/\/www.facebook.com\/Djuronaset\" \/>\n<meta property=\"article:modified_time\" content=\"2022-05-09T07:25:47+00:00\" \/>\n<meta property=\"og:image\" content=\"https:\/\/djuronaset.com\/wp-content\/uploads\/2015\/09\/djuronaset-dusch-relax-kvinna.jpg\" \/>\n\t<meta property=\"og:image:width\" content=\"1200\" \/>\n\t<meta property=\"og:image:height\" content=\"683\" \/>\n\t<meta property=\"og:image:type\" content=\"image\/jpeg\" \/>\n<meta name=\"twitter:card\" content=\"summary_large_image\" \/>\n<meta name=\"twitter:site\" content=\"@djuronaset\" \/>\n<meta name=\"twitter:label1\" content=\"Est. reading time\" \/>\n\t<meta name=\"twitter:data1\" content=\"2 minutes\" \/>\n<script type=\"application\/ld+json\" class=\"yoast-schema-graph\">{\"@context\":\"https:\/\/schema.org\",\"@graph\":[{\"@type\":\"WebPage\",\"@id\":\"https:\/\/djuronasets.wpenginepowered.com\/en\/weekend\/\",\"url\":\"https:\/\/djuronasets.wpenginepowered.com\/en\/weekend\/\",\"name\":\"Weekend \u2014 Djur\u00f6n\u00e4set\",\"isPartOf\":{\"@id\":\"https:\/\/djuronasets.wpenginepowered.com\/#website\"},\"datePublished\":\"2015-11-23T08:46:47+00:00\",\"dateModified\":\"2022-05-09T07:25:47+00:00\",\"description\":\"Recharge with a relaxing weekend Bring family and friends for an unforgettable weekend at Djur\u00f6n\u00e4set! Our beautiful resort, perfectly located right in the\",\"inLanguage\":\"en-US\",\"potentialAction\":[{\"@type\":\"ReadAction\",\"target\":[\"https:\/\/djuronasets.wpenginepowered.com\/en\/weekend\/\"]}]},{\"@type\":\"WebSite\",\"@id\":\"https:\/\/djuronasets.wpenginepowered.com\/#website\",\"url\":\"https:\/\/djuronasets.wpenginepowered.com\/\",\"name\":\"Djur\u00f6n\u00e4set\",\"description\":\"Konferens, hotell och spa i Stockholms sk\u00e4rg\u00e5rd\",\"publisher\":{\"@id\":\"https:\/\/djuronasets.wpenginepowered.com\/#organization\"},\"potentialAction\":[{\"@type\":\"SearchAction\",\"target\":{\"@type\":\"EntryPoint\",\"urlTemplate\":\"https:\/\/djuronasets.wpenginepowered.com\/?s={search_term_string}\"},\"query-input\":\"required name=search_term_string\"}],\"inLanguage\":\"en-US\"},{\"@type\":\"Organization\",\"@id\":\"https:\/\/djuronasets.wpenginepowered.com\/#organization\",\"name\":\"Djur\u00f6n\u00e4set\",\"url\":\"https:\/\/djuronasets.wpenginepowered.com\/\",\"logo\":{\"@type\":\"ImageObject\",\"inLanguage\":\"en-US\",\"@id\":\"https:\/\/djuronasets.wpenginepowered.com\/#\/schema\/logo\/image\/\",\"url\":\"https:\/\/djuronasetold.kinsta.cloud\/wp-content\/uploads\/2015\/09\/djuronaset_logotype.png\",\"contentUrl\":\"https:\/\/djuronasetold.kinsta.cloud\/wp-content\/uploads\/2015\/09\/djuronaset_logotype.png\",\"width\":842,\"height\":357,\"caption\":\"Djur\u00f6n\u00e4set\"},\"image\":{\"@id\":\"https:\/\/djuronasets.wpenginepowered.com\/#\/schema\/logo\/image\/\"},\"sameAs\":[\"https:\/\/www.facebook.com\/Djuronaset\",\"https:\/\/twitter.com\/djuronaset\",\"https:\/\/instagram.com\/djuronaset\/\",\"https:\/\/www.linkedin.com\/company\/djur-n-set\"]}]}<\/script>\n<!-- \/ Yoast SEO plugin. -->","yoast_head_json":{"title":"Weekend \u2014 Djur\u00f6n\u00e4set","description":"Recharge with a relaxing weekend Bring family and friends for an unforgettable weekend at Djur\u00f6n\u00e4set! Our beautiful resort, perfectly located right in the","robots":{"index":"index","follow":"follow","max-snippet":"max-snippet:-1","max-image-preview":"max-image-preview:large","max-video-preview":"max-video-preview:-1"},"canonical":"https:\/\/djuronasets.wpenginepowered.com\/en\/weekend\/","next":"https:\/\/djuronasets.wpenginepowered.com\/en\/weekend\/2\/","og_locale":"en_US","og_type":"article","og_title":"Weekend \u2014 Djur\u00f6n\u00e4set","og_description":"Recharge with a relaxing weekend Bring family and friends for an unforgettable weekend at Djur\u00f6n\u00e4set! Our beautiful resort, perfectly located right in the","og_url":"https:\/\/djuronasets.wpenginepowered.com\/en\/weekend\/","og_site_name":"Djur\u00f6n\u00e4set","article_publisher":"https:\/\/www.facebook.com\/Djuronaset","article_modified_time":"2022-05-09T07:25:47+00:00","og_image":[{"width":1200,"height":683,"url":"https:\/\/djuronaset.com\/wp-content\/uploads\/2015\/09\/djuronaset-dusch-relax-kvinna.jpg","type":"image\/jpeg"}],"twitter_card":"summary_large_image","twitter_site":"@djuronaset","twitter_misc":{"Est. reading time":"2 minutes"},"schema":{"@context":"https:\/\/schema.org","@graph":[{"@type":"WebPage","@id":"https:\/\/djuronasets.wpenginepowered.com\/en\/weekend\/","url":"https:\/\/djuronasets.wpenginepowered.com\/en\/weekend\/","name":"Weekend \u2014 Djur\u00f6n\u00e4set","isPartOf":{"@id":"https:\/\/djuronasets.wpenginepowered.com\/#website"},"datePublished":"2015-11-23T08:46:47+00:00","dateModified":"2022-05-09T07:25:47+00:00","description":"Recharge with a relaxing weekend Bring family and friends for an unforgettable weekend at Djur\u00f6n\u00e4set! Our beautiful resort, perfectly located right in the","inLanguage":"en-US","potentialAction":[{"@type":"ReadAction","target":["https:\/\/djuronasets.wpenginepowered.com\/en\/weekend\/"]}]},{"@type":"WebSite","@id":"https:\/\/djuronasets.wpenginepowered.com\/#website","url":"https:\/\/djuronasets.wpenginepowered.com\/","name":"Djur\u00f6n\u00e4set","description":"Konferens, hotell och spa i Stockholms sk\u00e4rg\u00e5rd","publisher":{"@id":"https:\/\/djuronasets.wpenginepowered.com\/#organization"},"potentialAction":[{"@type":"SearchAction","target":{"@type":"EntryPoint","urlTemplate":"https:\/\/djuronasets.wpenginepowered.com\/?s={search_term_string}"},"query-input":"required name=search_term_string"}],"inLanguage":"en-US"},{"@type":"Organization","@id":"https:\/\/djuronasets.wpenginepowered.com\/#organization","name":"Djur\u00f6n\u00e4set","url":"https:\/\/djuronasets.wpenginepowered.com\/","logo":{"@type":"ImageObject","inLanguage":"en-US","@id":"https:\/\/djuronasets.wpenginepowered.com\/#\/schema\/logo\/image\/","url":"https:\/\/djuronasetold.kinsta.cloud\/wp-content\/uploads\/2015\/09\/djuronaset_logotype.png","contentUrl":"https:\/\/djuronasetold.kinsta.cloud\/wp-content\/uploads\/2015\/09\/djuronaset_logotype.png","width":842,"height":357,"caption":"Djur\u00f6n\u00e4set"},"image":{"@id":"https:\/\/djuronasets.wpenginepowered.com\/#\/schema\/logo\/image\/"},"sameAs":["https:\/\/www.facebook.com\/Djuronaset","https:\/\/twitter.com\/djuronaset","https:\/\/instagram.com\/djuronaset\/","https:\/\/www.linkedin.com\/company\/djur-n-set"]}]}},"_links":{"self":[{"href":"https:\/\/djuronasetold.kinsta.cloud\/en\/wp-json\/wp\/v2\/pages\/4792","targetHints":{"allow":["GET"]}}],"collection":[{"href":"https:\/\/djuronasetold.kinsta.cloud\/en\/wp-json\/wp\/v2\/pages"}],"about":[{"href":"https:\/\/djuronasetold.kinsta.cloud\/en\/wp-json\/wp\/v2\/types\/page"}],"author":[{"embeddable":true,"href":"https:\/\/djuronasetold.kinsta.cloud\/en\/wp-json\/wp\/v2\/users\/2"}],"replies":[{"embeddable":true,"href":"https:\/\/djuronasetold.kinsta.cloud\/en\/wp-json\/wp\/v2\/comments?post=4792"}],"version-history":[{"count":0,"href":"https:\/\/djuronasetold.kinsta.cloud\/en\/wp-json\/wp\/v2\/pages\/4792\/revisions"}],"wp:featuredmedia":[{"embeddable":true,"href":"https:\/\/djuronasetold.kinsta.cloud\/en\/wp-json\/wp\/v2\/media\/3088"}],"wp:attachment":[{"href":"https:\/\/djuronasetold.kinsta.cloud\/en\/wp-json\/wp\/v2\/media?parent=4792"}],"wp:term":[{"taxonomy":"category","embeddable":true,"href":"https:\/\/djuronasetold.kinsta.cloud\/en\/wp-json\/wp\/v2\/categories?post=4792"},{"taxonomy":"post_tag","embeddable":true,"href":"https:\/\/djuronasetold.kinsta.cloud\/en\/wp-json\/wp\/v2\/tags?post=4792"}],"curies":[{"name":"wp","href":"https:\/\/api.w.org\/{rel}","templated":true}]}}